{"id":1192,"date":"2019-03-11T12:05:24","date_gmt":"2019-03-11T11:05:24","guid":{"rendered":"https:\/\/start.friup.ch\/accueil\/"},"modified":"2020-12-03T10:17:24","modified_gmt":"2020-12-03T09:17:24","slug":"home","status":"publish","type":"page","link":"https:\/\/start.friup.ch\/de\/","title":{"rendered":"Home"},"content":{"rendered":"<div id='fullscreen_slider_1'  class='avia-fullscreen-slider main_color  av-small-hide av-mini-hide  avia-builder-el-0  el_before_av_video  avia-builder-el-first   container_wrap sidebar_right' style=' '  ><a href='#next-section' title='' class='scroll-down-link av-control-hidden' aria-hidden='true' data-av_icon='\ue877' data-av_iconfont='entypo-fontello'><\/a><div   data-size='no scaling'  data-lightbox_size='large'  data-animation='slide'  data-conditional_play=''  data-ids='133'  data-video_counter='0'  data-autoplay='false'  data-bg_slider='true'  data-slide_height='100'  data-handle='av_fullscreen'  data-interval='1'  data-class=' '  data-el_id=''  data-css_id='fullscreen_slider_1'  data-scroll_down='aviaTBscroll_down'  data-control_layout='av-control-hidden'  data-custom_markup=''  data-perma_caption=''  data-autoplay_stopper=''  data-image_attachment=''  data-min_height='0px'  data-lazy_loading='disabled'  data-stretch=''  class='avia-slideshow avia-slideshow-1 av-slider-scroll-down-active av-control-hidden avia-slideshow-no scaling av_fullscreen   avia-slide-slider '  itemprop=\"image\" itemscope=\"itemscope\" itemtype=\"https:\/\/schema.org\/ImageObject\" ><ul class='avia-slideshow-inner '  ><li  data-controls='aviaTBaviaTBvideo_controls' data-mute='aviaTBaviaTBvideo_mute' data-loop='aviaTBaviaTBvideo_loop' data-disable-autoplay=''  data-mobile-img='https:\/\/start.friup.ch\/wp-content\/uploads\/2020\/12\/splash-de.jpg' class=' av-video-slide av-element-cover av-video-service-youtube  av-hide-video-controls av-mute-video av-loop-video av-mobile-fallback-image av-single-slide slide-1 ' ><div data-rel='slideshow-1' class='avia-slide-wrap ' style='background-image:url(\"https:\/\/start.friup.ch\/wp-content\/uploads\/2020\/12\/splash-de.jpg\");'  ><div class='av-click-overlay'><\/div><div class='mejs-mediaelement'><div height='1600' width='900' class='av_youtube_frame' id='player_1192_1271891835_802167722'  data-autoplay='0'  data-videoid='sbd6qIYawp0'  data-hd='1'  data-rel='0'  data-wmode='opaque'  data-loop='0'  data-version='3'  data-autohide='1'  data-color='white'  data-controls='0'  data-iv_load_policy='3'  data-original_url='https:\/\/youtu.be\/sbd6qIYawp0' ><\/div><\/div><\/div><\/li><\/ul><\/div><\/div><div id='after_full_slider_1'  class='main_color av_default_container_wrap container_wrap sidebar_right' style=' '  ><div class='container' ><div class='template-page content  av-content-small alpha units'><div class='post-entry post-entry-type-page post-entry-1192'><div class='entry-content-wrapper clearfix'>\n<div  class='avia-video avia-video-16-9   av-lazyload-immediate  av-lazyload-video-embed   av-desktop-hide av-medium-hide' style='background-image:url(\"https:\/\/start.friup.ch\/wp-content\/uploads\/2020\/12\/splash-de.jpg\");'  itemprop=\"video\" itemtype=\"https:\/\/schema.org\/VideoObject\"  data-original_url='https:\/\/www.youtube.com\/watch?v=sbd6qIYawp0&amp;feature=youtu.be' ><script type='text\/html' class='av-video-tmpl'><div class='avia-iframe-wrap'><iframe title=\"Fri Up\" width=\"1500\" height=\"844\" src=\"https:\/\/www.youtube.com\/embed\/sbd6qIYawp0?wmode=transparent&amp;rel=0&amp;feature=oembed&autoplay=0&loop=0&controls=1&mute=0\" frameborder=\"0\" allow=\"accelerometer; autoplay; clipboard-write; encrypted-media; gyroscope; picture-in-picture\" allowfullscreen><\/iframe><\/div><\/script><div class='av-click-to-play-overlay'><div class=\"avia_playpause_icon\"><\/div><\/div><\/div>\n<\/div><\/div><\/div><!-- close content main div --><\/div><\/div><div id='av_section_1'  class='avia-section main_color avia-section-small avia-no-border-styling  avia-bg-style-scroll  avia-builder-el-2  el_after_av_video  el_before_av_layout_row   container_wrap sidebar_right' style=' '  ><div class='container' ><div class='template-page content  av-content-small alpha units'><div class='post-entry post-entry-type-page post-entry-1192'><div class='entry-content-wrapper clearfix'>\n<section class=\"av_textblock_section \"  itemscope=\"itemscope\" itemtype=\"https:\/\/schema.org\/CreativeWork\" ><div class='avia_textblock  '  style='font-size:30px; '  itemprop=\"text\" ><p style=\"text-align: center;\"><strong>Freiburger Plattform zur Unterst\u00fctzung bei der Gr\u00fcndung meines Unternehmens <\/strong><\/p>\n<p style=\"text-align: center;\">Ich sichere mir alle Erfolgschancen, wenn ich folgende Schritte befolge<\/p>\n<\/div><\/section>\n\n<\/div><\/div><\/div><!-- close content main div --><\/div><\/div><div id='av-layout-grid-1'  class='av-layout-grid-container entry-content-wrapper main_color av-flex-cells     avia-builder-el-4  el_after_av_section  avia-builder-el-last  submenu-not-first container_wrap sidebar_right' style=' '  >\n<div class=\"flex_cell no_margin av_one_fourth  avia-builder-el-5  el_before_av_cell_one_fourth  avia-builder-el-first   \"  style='vertical-align:top; padding:30px; ' ><div class='flex_cell_inner' ><article  class=\"iconbox iconbox_top main_color    avia-builder-el-6  avia-builder-el-no-sibling  \"  itemscope=\"itemscope\" itemtype=\"https:\/\/schema.org\/CreativeWork\" ><div class=\"iconbox_content\"><header class=\"entry-content-header\"><a href='https:\/\/start.friup.ch\/de\/' title='Ich plane ein Vorhaben'  class=\"iconbox_icon heading-color\" aria-hidden='true' data-av_icon='\ue836' data-av_iconfont='entypo-fontello'  ><\/a><h3 class='iconbox_content_title  '  itemprop=\"headline\"  ><a href='https:\/\/start.friup.ch\/de\/' title='Ich plane ein Vorhaben' >Ich plane ein Vorhaben<\/a><\/h3><\/header><div class='iconbox_content_container  '  itemprop=\"text\"  ><p>Ich nehme mir Zeit, um \u00fcber mein Projekt nachzudenken, damit ich die Erwartungen meiner potenziellen Kunden verstehen und ein erstes Konzept auf Basis der R\u00fcckmeldungen vor Ort bzw. der Kunden entwickeln kann.<\/p>\n<\/div><\/div><footer class=\"entry-footer\"><\/footer><\/article>\n<\/div><\/div><div class=\"flex_cell no_margin av_one_fourth  avia-builder-el-7  el_after_av_cell_one_fourth  el_before_av_cell_one_fourth   \" ><div class='flex_cell_inner' ><article  class=\"iconbox iconbox_top main_color    avia-builder-el-8  avia-builder-el-no-sibling  \"  itemscope=\"itemscope\" itemtype=\"https:\/\/schema.org\/CreativeWork\" ><div class=\"iconbox_content\"><header class=\"entry-content-header\"><a href='https:\/\/start.friup.ch\/de\/' title='Ich bereite mich vor'  class=\"iconbox_icon heading-color\" aria-hidden='true' data-av_icon='\ue82b' data-av_iconfont='entypo-fontello'  ><\/a><h3 class='iconbox_content_title  '  itemprop=\"headline\"  ><a href='https:\/\/start.friup.ch\/de\/' title='Ich bereite mich vor' >Ich bereite mich vor<\/a><\/h3><\/header><div class='iconbox_content_container  '  itemprop=\"text\"  ><p class=\"p1\">Nachdem ich mein Konzept \u00fcberarbeitet habe, kehre ich wieder auf das Spielfeld zur\u00fcck, um meine im Detail ausgearbeitete Idee best\u00e4tigen zu lassen und meine Marktstudie zu vervollst\u00e4ndigen. Danach definiere ich mein Gesch\u00e4ftsmodell und erstelle meinen Finanzierungsplan und den Businessplan.<\/p>\n<\/div><\/div><footer class=\"entry-footer\"><\/footer><\/article>\n<\/div><\/div><div class=\"flex_cell no_margin av_one_fourth  avia-builder-el-9  el_after_av_cell_one_fourth  el_before_av_cell_one_fourth   \"  style='vertical-align:top; padding:30px; ' ><div class='flex_cell_inner' ><article  class=\"iconbox iconbox_top main_color    avia-builder-el-10  avia-builder-el-no-sibling  \"  itemscope=\"itemscope\" itemtype=\"https:\/\/schema.org\/CreativeWork\" ><div class=\"iconbox_content\"><header class=\"entry-content-header\"><a href='https:\/\/start.friup.ch\/de\/' title='Ich lege los'  class=\"iconbox_icon heading-color\" aria-hidden='true' data-av_icon='\ue8b7' data-av_iconfont='entypo-fontello'  ><\/a><h3 class='iconbox_content_title  '  itemprop=\"headline\"  ><a href='https:\/\/start.friup.ch\/de\/' title='Ich lege los' >Ich lege los<\/a><\/h3><\/header><div class='iconbox_content_container  '  itemprop=\"text\"  ><p class=\"p1\">Ich bin bereit, loszulegen. Es ist also an der Zeit, mein Unternehmen zu gr\u00fcnden: Je nach Rechtsform wende ich mich an einen Notar. Ich w\u00e4hle die erforderlichen Versicherungen aus und gebe der Kommunikationsstrategie f\u00fcr die Lancierung den letzten Schliff.<\/p>\n<\/div><\/div><footer class=\"entry-footer\"><\/footer><\/article>\n<\/div><\/div><div class=\"flex_cell no_margin av_one_fourth  avia-builder-el-11  el_after_av_cell_one_fourth  avia-builder-el-last   \"  style='vertical-align:top; padding:30px; ' ><div class='flex_cell_inner' ><article  class=\"iconbox iconbox_top main_color    avia-builder-el-12  avia-builder-el-no-sibling  \"  itemscope=\"itemscope\" itemtype=\"https:\/\/schema.org\/CreativeWork\" ><div class=\"iconbox_content\"><header class=\"entry-content-header\"><a href='https:\/\/start.friup.ch\/de\/' title='Ich wachse '  class=\"iconbox_icon heading-color\" aria-hidden='true' data-av_icon='\ue8c6' data-av_iconfont='entypo-fontello'  ><\/a><h3 class='iconbox_content_title  '  itemprop=\"headline\"  ><a href='https:\/\/start.friup.ch\/de\/' title='Ich wachse ' >Ich wachse <\/a><\/h3><\/header><div class='iconbox_content_container  '  itemprop=\"text\"  ><p class=\"p1\"><span class=\"s1\">Ich wachse und lege den Grundstein zur Bew\u00e4ltigung der administrativen Aspekte meines Unternehmens (Buchhaltung, MwSt, Steuern und Personalwesen)<b>.<\/b><\/span><\/p>\n<\/div><\/div><footer class=\"entry-footer\"><\/footer><\/article>\n<\/div><\/div>\n<\/div>\n","protected":false},"excerpt":{"rendered":"","protected":false},"author":1,"featured_media":0,"parent":0,"menu_order":0,"comment_status":"closed","ping_status":"closed","template":"","meta":[],"_links":{"self":[{"href":"https:\/\/start.friup.ch\/de\/wp-json\/wp\/v2\/pages\/1192"}],"collection":[{"href":"https:\/\/start.friup.ch\/de\/wp-json\/wp\/v2\/pages"}],"about":[{"href":"https:\/\/start.friup.ch\/de\/wp-json\/wp\/v2\/types\/page"}],"author":[{"embeddable":true,"href":"https:\/\/start.friup.ch\/de\/wp-json\/wp\/v2\/users\/1"}],"replies":[{"embeddable":true,"href":"https:\/\/start.friup.ch\/de\/wp-json\/wp\/v2\/comments?post=1192"}],"version-history":[{"count":12,"href":"https:\/\/start.friup.ch\/de\/wp-json\/wp\/v2\/pages\/1192\/revisions"}],"predecessor-version":[{"id":7403,"href":"https:\/\/start.friup.ch\/de\/wp-json\/wp\/v2\/pages\/1192\/revisions\/7403"}],"wp:attachment":[{"href":"https:\/\/start.friup.ch\/de\/wp-json\/wp\/v2\/media?parent=1192"}],"curies":[{"name":"wp","href":"https:\/\/api.w.org\/{rel}","templated":true}]}}